{"id":3395,"date":"2024-04-24T07:43:59","date_gmt":"2024-04-24T07:43:59","guid":{"rendered":"https:\/\/dev.mondoestudio.es\/twiga\/?page_id=3395"},"modified":"2024-05-09T11:19:14","modified_gmt":"2024-05-09T11:19:14","slug":"crisis-y-oportunidades-en-un-mercado-en-transformacion","status":"publish","type":"page","link":"https:\/\/dev.mondoestudio.es\/twiga\/explora-nuestro-trabajo\/crisis-y-oportunidades-en-un-mercado-en-transformacion\/","title":{"rendered":"CRISIS Y OPORTUNIDADES EN UN MERCADO EN TRANSFORMACI\u00d3N"},"content":{"rendered":"\n<p>En los \u00faltimos tiempos, la industria audiovisual est\u00e1 experimentando una profunda transformaci\u00f3n, con un impacto may\u00fasculo en el sector publicitario, las soluciones <em>crossmedia<\/em> y la forma en que se comunica.<\/p>\n\n\n\n<p>Desde 2017, twiga ha acompa\u00f1ado a una de las grandes empresas del sector en la identificaci\u00f3n de tendencias emergentes,&nbsp; el an\u00e1lisis de posicionamiento y rasgos de imagen de los principales <em>players<\/em>, y la evoluci\u00f3n de la industria. Con este prop\u00f3sito, peri\u00f3dicamente, twiga ha mantenido entrevistas en profundidad con expertos del sector audiovisual y digital, grandes marcas y anunciantes, y Agencias de medios.<\/p>\n\n\n\n<p>El an\u00e1lisis de la informaci\u00f3n recopilada nos permite detectar nuevas oportunidades y aportar recomendaciones estrat\u00e9gicas y accionables.<\/p>\n\n\n\n<p><\/p>\n","protected":false},"excerpt":{"rendered":"<p>En los \u00faltimos tiempos, la industria audiovisual est\u00e1 experimentando una profunda transformaci\u00f3n, con un impacto may\u00fasculo en el sector publicitario, [&hellip;]<\/p>\n","protected":false},"author":1,"featured_media":0,"parent":3084,"menu_order":0,"comment_status":"closed","ping_status":"closed","template":"","meta":{"_uag_custom_page_level_css":"","site-sidebar-layout":"default","site-content-layout":"","ast-site-content-layout":"normal-width-container","site-content-style":"boxed","site-sidebar-style":"default","ast-global-header-display":"","ast-banner-title-visibility":"","ast-main-header-display":"","ast-hfb-above-header-display":"","ast-hfb-below-header-display":"","ast-hfb-mobile-header-display":"","site-post-title":"","ast-breadcrumbs-content":"","ast-featured-img":"","footer-sml-layout":"","theme-transparent-header-meta":"disabled","adv-header-id-meta":"","stick-header-meta":"default","header-above-stick-meta":"","header-main-stick-meta":"disabled","header-below-stick-meta":"","astra-migrate-meta-layouts":"default","ast-page-background-enabled":"default","ast-page-background-meta":{"desktop":{"background-color":"var(--ast-global-color-4)","background-image":"","background-repeat":"repeat","background-position":"center center","background-size":"auto","background-attachment":"scroll","background-type":"","background-media":"","overlay-type":"","overlay-color":"","overlay-gradient":""},"tablet":{"background-color":"","background-image":"","background-repeat":"repeat","background-position":"center center","background-size":"auto","background-attachment":"scroll","background-type":"","background-media":"","overlay-type":"","overlay-color":"","overlay-gradient":""},"mobile":{"background-color":"","background-image":"","background-repeat":"repeat","background-position":"center center","background-size":"auto","background-attachment":"scroll","background-type":"","background-media":"","overlay-type":"","overlay-color":"","overlay-gradient":""}},"ast-content-background-meta":{"desktop":{"background-color":"var(--ast-global-color-5)","background-image":"","background-repeat":"repeat","background-position":"center center","background-size":"auto","background-attachment":"scroll","background-type":"","background-media":"","overlay-type":"","overlay-color":"","overlay-gradient":""},"tablet":{"background-color":"var(--ast-global-color-5)","background-image":"","background-repeat":"repeat","background-position":"center center","background-size":"auto","background-attachment":"scroll","background-type":"","background-media":"","overlay-type":"","overlay-color":"","overlay-gradient":""},"mobile":{"background-color":"var(--ast-global-color-5)","background-image":"","background-repeat":"repeat","background-position":"center center","background-size":"auto","background-attachment":"scroll","background-type":"","background-media":"","overlay-type":"","overlay-color":"","overlay-gradient":""}},"footnotes":""},"class_list":["post-3395","page","type-page","status-publish","hentry"],"yoast_head":"<!-- This site is optimized with the Yoast SEO Premium plugin v20.10 (Yoast SEO v22.6) - https:\/\/yoast.com\/wordpress\/plugins\/seo\/ -->\n<title>Crisis y oportunidades en un mercado en transformaci\u00f3n \u2013 Noticias de Twiga<\/title>\n<meta name=\"description\" content=\"Explora c\u00f3mo enfrentar crisis y descubrir oportunidades en mercados en transformaci\u00f3n con Twiga Strategy.\" \/>\n<meta name=\"robots\" content=\"noindex, follow, max-snippet:-1, max-image-preview:large, max-video-preview:-1\" \/>\n<meta property=\"og:locale\" content=\"es_ES\" \/>\n<meta property=\"og:type\" content=\"article\" \/>\n<meta property=\"og:title\" content=\"CRISIS Y OPORTUNIDADES EN UN MERCADO EN TRANSFORMACI\u00d3N\" \/>\n<meta property=\"og:description\" content=\"Explora c\u00f3mo enfrentar crisis y descubrir oportunidades en mercados en transformaci\u00f3n con Twiga Strategy.\" \/>\n<meta property=\"og:url\" content=\"https:\/\/dev.mondoestudio.es\/twiga\/explora-nuestro-trabajo\/crisis-y-oportunidades-en-un-mercado-en-transformacion\/\" \/>\n<meta property=\"og:site_name\" content=\"Twiga Strategy\" \/>\n<meta property=\"article:modified_time\" content=\"2024-05-09T11:19:14+00:00\" \/>\n<meta name=\"twitter:card\" content=\"summary_large_image\" \/>\n<meta name=\"twitter:label1\" content=\"Tiempo de lectura\" \/>\n\t<meta name=\"twitter:data1\" content=\"1 minuto\" \/>\n<script type=\"application\/ld+json\" class=\"yoast-schema-graph\">{\"@context\":\"https:\/\/schema.org\",\"@graph\":[{\"@type\":\"WebPage\",\"@id\":\"https:\/\/dev.mondoestudio.es\/twiga\/explora-nuestro-trabajo\/crisis-y-oportunidades-en-un-mercado-en-transformacion\/\",\"url\":\"https:\/\/dev.mondoestudio.es\/twiga\/explora-nuestro-trabajo\/crisis-y-oportunidades-en-un-mercado-en-transformacion\/\",\"name\":\"Crisis y oportunidades en un mercado en transformaci\u00f3n \u2013 Noticias de Twiga\",\"isPartOf\":{\"@id\":\"https:\/\/dev.mondoestudio.es\/twiga\/#website\"},\"datePublished\":\"2024-04-24T07:43:59+00:00\",\"dateModified\":\"2024-05-09T11:19:14+00:00\",\"description\":\"Explora c\u00f3mo enfrentar crisis y descubrir oportunidades en mercados en transformaci\u00f3n con Twiga Strategy.\",\"breadcrumb\":{\"@id\":\"https:\/\/dev.mondoestudio.es\/twiga\/explora-nuestro-trabajo\/crisis-y-oportunidades-en-un-mercado-en-transformacion\/#breadcrumb\"},\"inLanguage\":\"es\",\"potentialAction\":[{\"@type\":\"ReadAction\",\"target\":[\"https:\/\/dev.mondoestudio.es\/twiga\/explora-nuestro-trabajo\/crisis-y-oportunidades-en-un-mercado-en-transformacion\/\"]}]},{\"@type\":\"BreadcrumbList\",\"@id\":\"https:\/\/dev.mondoestudio.es\/twiga\/explora-nuestro-trabajo\/crisis-y-oportunidades-en-un-mercado-en-transformacion\/#breadcrumb\",\"itemListElement\":[{\"@type\":\"ListItem\",\"position\":1,\"name\":\"Portada\",\"item\":\"https:\/\/dev.mondoestudio.es\/twiga\/\"},{\"@type\":\"ListItem\",\"position\":2,\"name\":\"Explora nuestro trabajo\",\"item\":\"https:\/\/dev.mondoestudio.es\/twiga\/explora-nuestro-trabajo\/\"},{\"@type\":\"ListItem\",\"position\":3,\"name\":\"CRISIS Y OPORTUNIDADES EN UN MERCADO EN TRANSFORMACI\u00d3N\"}]},{\"@type\":\"WebSite\",\"@id\":\"https:\/\/dev.mondoestudio.es\/twiga\/#website\",\"url\":\"https:\/\/dev.mondoestudio.es\/twiga\/\",\"name\":\"Twiga Strategy\",\"description\":\"\",\"publisher\":{\"@id\":\"https:\/\/dev.mondoestudio.es\/twiga\/#organization\"},\"potentialAction\":[{\"@type\":\"SearchAction\",\"target\":{\"@type\":\"EntryPoint\",\"urlTemplate\":\"https:\/\/dev.mondoestudio.es\/twiga\/?s={search_term_string}\"},\"query-input\":\"required name=search_term_string\"}],\"inLanguage\":\"es\"},{\"@type\":\"Organization\",\"@id\":\"https:\/\/dev.mondoestudio.es\/twiga\/#organization\",\"name\":\"Twiga Strategy\",\"url\":\"https:\/\/dev.mondoestudio.es\/twiga\/\",\"logo\":{\"@type\":\"ImageObject\",\"inLanguage\":\"es\",\"@id\":\"https:\/\/dev.mondoestudio.es\/twiga\/#\/schema\/logo\/image\/\",\"url\":\"https:\/\/dev.mondoestudio.es\/twiga\/wp-content\/uploads\/2024\/03\/Layer_1.png\",\"contentUrl\":\"https:\/\/dev.mondoestudio.es\/twiga\/wp-content\/uploads\/2024\/03\/Layer_1.png\",\"width\":117,\"height\":80,\"caption\":\"Twiga Strategy\"},\"image\":{\"@id\":\"https:\/\/dev.mondoestudio.es\/twiga\/#\/schema\/logo\/image\/\"}}]}<\/script>\n<!-- \/ Yoast SEO Premium plugin. -->","yoast_head_json":{"title":"Crisis y oportunidades en un mercado en transformaci\u00f3n \u2013 Noticias de Twiga","description":"Explora c\u00f3mo enfrentar crisis y descubrir oportunidades en mercados en transformaci\u00f3n con Twiga Strategy.","robots":{"index":"noindex","follow":"follow","max-snippet":"max-snippet:-1","max-image-preview":"max-image-preview:large","max-video-preview":"max-video-preview:-1"},"og_locale":"es_ES","og_type":"article","og_title":"CRISIS Y OPORTUNIDADES EN UN MERCADO EN TRANSFORMACI\u00d3N","og_description":"Explora c\u00f3mo enfrentar crisis y descubrir oportunidades en mercados en transformaci\u00f3n con Twiga Strategy.","og_url":"https:\/\/dev.mondoestudio.es\/twiga\/explora-nuestro-trabajo\/crisis-y-oportunidades-en-un-mercado-en-transformacion\/","og_site_name":"Twiga Strategy","article_modified_time":"2024-05-09T11:19:14+00:00","twitter_card":"summary_large_image","twitter_misc":{"Tiempo de lectura":"1 minuto"},"schema":{"@context":"https:\/\/schema.org","@graph":[{"@type":"WebPage","@id":"https:\/\/dev.mondoestudio.es\/twiga\/explora-nuestro-trabajo\/crisis-y-oportunidades-en-un-mercado-en-transformacion\/","url":"https:\/\/dev.mondoestudio.es\/twiga\/explora-nuestro-trabajo\/crisis-y-oportunidades-en-un-mercado-en-transformacion\/","name":"Crisis y oportunidades en un mercado en transformaci\u00f3n \u2013 Noticias de Twiga","isPartOf":{"@id":"https:\/\/dev.mondoestudio.es\/twiga\/#website"},"datePublished":"2024-04-24T07:43:59+00:00","dateModified":"2024-05-09T11:19:14+00:00","description":"Explora c\u00f3mo enfrentar crisis y descubrir oportunidades en mercados en transformaci\u00f3n con Twiga Strategy.","breadcrumb":{"@id":"https:\/\/dev.mondoestudio.es\/twiga\/explora-nuestro-trabajo\/crisis-y-oportunidades-en-un-mercado-en-transformacion\/#breadcrumb"},"inLanguage":"es","potentialAction":[{"@type":"ReadAction","target":["https:\/\/dev.mondoestudio.es\/twiga\/explora-nuestro-trabajo\/crisis-y-oportunidades-en-un-mercado-en-transformacion\/"]}]},{"@type":"BreadcrumbList","@id":"https:\/\/dev.mondoestudio.es\/twiga\/explora-nuestro-trabajo\/crisis-y-oportunidades-en-un-mercado-en-transformacion\/#breadcrumb","itemListElement":[{"@type":"ListItem","position":1,"name":"Portada","item":"https:\/\/dev.mondoestudio.es\/twiga\/"},{"@type":"ListItem","position":2,"name":"Explora nuestro trabajo","item":"https:\/\/dev.mondoestudio.es\/twiga\/explora-nuestro-trabajo\/"},{"@type":"ListItem","position":3,"name":"CRISIS Y OPORTUNIDADES EN UN MERCADO EN TRANSFORMACI\u00d3N"}]},{"@type":"WebSite","@id":"https:\/\/dev.mondoestudio.es\/twiga\/#website","url":"https:\/\/dev.mondoestudio.es\/twiga\/","name":"Twiga Strategy","description":"","publisher":{"@id":"https:\/\/dev.mondoestudio.es\/twiga\/#organization"},"potentialAction":[{"@type":"SearchAction","target":{"@type":"EntryPoint","urlTemplate":"https:\/\/dev.mondoestudio.es\/twiga\/?s={search_term_string}"},"query-input":"required name=search_term_string"}],"inLanguage":"es"},{"@type":"Organization","@id":"https:\/\/dev.mondoestudio.es\/twiga\/#organization","name":"Twiga Strategy","url":"https:\/\/dev.mondoestudio.es\/twiga\/","logo":{"@type":"ImageObject","inLanguage":"es","@id":"https:\/\/dev.mondoestudio.es\/twiga\/#\/schema\/logo\/image\/","url":"https:\/\/dev.mondoestudio.es\/twiga\/wp-content\/uploads\/2024\/03\/Layer_1.png","contentUrl":"https:\/\/dev.mondoestudio.es\/twiga\/wp-content\/uploads\/2024\/03\/Layer_1.png","width":117,"height":80,"caption":"Twiga Strategy"},"image":{"@id":"https:\/\/dev.mondoestudio.es\/twiga\/#\/schema\/logo\/image\/"}}]}},"uagb_featured_image_src":{"full":false,"thumbnail":false,"medium":false,"medium_large":false,"large":false,"1536x1536":false,"2048x2048":false},"uagb_author_info":{"display_name":"mondo","author_link":"https:\/\/dev.mondoestudio.es\/twiga\/author\/mondo\/"},"uagb_comment_info":0,"uagb_excerpt":"En los \u00faltimos tiempos, la industria audiovisual est\u00e1 experimentando una profunda transformaci\u00f3n, con un impacto may\u00fasculo en el sector publicitario, [&hellip;]","_links":{"self":[{"href":"https:\/\/dev.mondoestudio.es\/twiga\/wp-json\/wp\/v2\/pages\/3395","targetHints":{"allow":["GET"]}}],"collection":[{"href":"https:\/\/dev.mondoestudio.es\/twiga\/wp-json\/wp\/v2\/pages"}],"about":[{"href":"https:\/\/dev.mondoestudio.es\/twiga\/wp-json\/wp\/v2\/types\/page"}],"author":[{"embeddable":true,"href":"https:\/\/dev.mondoestudio.es\/twiga\/wp-json\/wp\/v2\/users\/1"}],"replies":[{"embeddable":true,"href":"https:\/\/dev.mondoestudio.es\/twiga\/wp-json\/wp\/v2\/comments?post=3395"}],"version-history":[{"count":3,"href":"https:\/\/dev.mondoestudio.es\/twiga\/wp-json\/wp\/v2\/pages\/3395\/revisions"}],"predecessor-version":[{"id":4232,"href":"https:\/\/dev.mondoestudio.es\/twiga\/wp-json\/wp\/v2\/pages\/3395\/revisions\/4232"}],"up":[{"embeddable":true,"href":"https:\/\/dev.mondoestudio.es\/twiga\/wp-json\/wp\/v2\/pages\/3084"}],"wp:attachment":[{"href":"https:\/\/dev.mondoestudio.es\/twiga\/wp-json\/wp\/v2\/media?parent=3395"}],"curies":[{"name":"wp","href":"https:\/\/api.w.org\/{rel}","templated":true}]}}