{"id":3402,"date":"2024-04-24T07:53:05","date_gmt":"2024-04-24T07:53:05","guid":{"rendered":"https:\/\/dev.mondoestudio.es\/twiga\/?page_id=3402"},"modified":"2024-04-24T07:53:05","modified_gmt":"2024-04-24T07:53:05","slug":"generacion-de-vinculo-en-la-conformacion-de-un-equipo-transversal","status":"publish","type":"page","link":"https:\/\/dev.mondoestudio.es\/twiga\/explora-nuestro-trabajo\/generacion-de-vinculo-en-la-conformacion-de-un-equipo-transversal\/","title":{"rendered":"GENERACI\u00d3N DE V\u00cdNCULO EN LA CONFORMACI\u00d3N DE UN EQUIPO TRANSVERSAL"},"content":{"rendered":"\n<p>La organizaci\u00f3n que nos contact\u00f3 nos plante\u00f3 un desaf\u00edo inspirador: crear las bases para el desarrollo de un equipo transversal con personas de distintos departamentos que hasta el momento actuaban de forma atomizada.<\/p>\n\n\n\n<p>El punto de partida era el siguiente: todos los departamentos contaban con una figura com\u00fan. Sin embargo, las personas que desempe\u00f1aban esa funci\u00f3n en cada departamento tomaban decisiones individuales, sin coordinarse con el resto de figuras comunes de los otros departamentos, desarrollando sus propias herramientas que no compart\u00edan. Estas conductas ten\u00edan un impacto en el funcionamiento de la organizaci\u00f3n, desde la p\u00e9rdida de recursos o la comisi\u00f3n de errores por falta de comunicaci\u00f3n, hasta un impacto relevante en el bienestar emocional de las personas implicadas.<\/p>\n\n\n\n<p>Nuestro proyecto comenz\u00f3 con una fase de escucha a las personas implicadas para detectar sus necesidades individuales y como colectivo, y poder dise\u00f1ar una intervenci\u00f3n que las abordara. En los meses siguientes, combinamos talleres de formaci\u00f3n con talleres de co-creaci\u00f3n para generar las bases del desarrollo de un equipo transversal cohesionado, cuyas relaciones se basaran en la confianza mutua y en la honestidad, y donde las personas tuvieran las habilidades para tomar iniciativas y compartirlas, expresarse y abordar los conflictos que fueron surgiendo, y construir v\u00ednculos de colaboraci\u00f3n y trabajo.<\/p>\n\n\n\n<p>Los resultados y beneficios fueron percibidos por el conjunto de la organizaci\u00f3n. Adicionalmente la administraci\u00f3n de un cuestionario pre y post-intervenci\u00f3n, refrend\u00f3 la evoluci\u00f3n del clima individual y social, la evoluci\u00f3n de las perspectivas de sus miembros y su autopercepci\u00f3n como equipo cohesionado.<\/p>\n","protected":false},"excerpt":{"rendered":"<p>La organizaci\u00f3n que nos contact\u00f3 nos plante\u00f3 un desaf\u00edo inspirador: crear las bases para el desarrollo de un equipo transversal [&hellip;]<\/p>\n","protected":false},"author":1,"featured_media":0,"parent":3084,"menu_order":0,"comment_status":"closed","ping_status":"closed","template":"","meta":{"_uag_custom_page_level_css":"","site-sidebar-layout":"default","site-content-layout":"","ast-site-content-layout":"normal-width-container","site-content-style":"boxed","site-sidebar-style":"default","ast-global-header-display":"","ast-banner-title-visibility":"","ast-main-header-display":"","ast-hfb-above-header-display":"","ast-hfb-below-header-display":"","ast-hfb-mobile-header-display":"","site-post-title":"","ast-breadcrumbs-content":"","ast-featured-img":"","footer-sml-layout":"","theme-transparent-header-meta":"disabled","adv-header-id-meta":"","stick-header-meta":"default","header-above-stick-meta":"","header-main-stick-meta":"disabled","header-below-stick-meta":"","astra-migrate-meta-layouts":"default","ast-page-background-enabled":"default","ast-page-background-meta":{"desktop":{"background-color":"var(--ast-global-color-4)","background-image":"","background-repeat":"repeat","background-position":"center center","background-size":"auto","background-attachment":"scroll","background-type":"","background-media":"","overlay-type":"","overlay-color":"","overlay-gradient":""},"tablet":{"background-color":"","background-image":"","background-repeat":"repeat","background-position":"center center","background-size":"auto","background-attachment":"scroll","background-type":"","background-media":"","overlay-type":"","overlay-color":"","overlay-gradient":""},"mobile":{"background-color":"","background-image":"","background-repeat":"repeat","background-position":"center center","background-size":"auto","background-attachment":"scroll","background-type":"","background-media":"","overlay-type":"","overlay-color":"","overlay-gradient":""}},"ast-content-background-meta":{"desktop":{"background-color":"var(--ast-global-color-5)","background-image":"","background-repeat":"repeat","background-position":"center center","background-size":"auto","background-attachment":"scroll","background-type":"","background-media":"","overlay-type":"","overlay-color":"","overlay-gradient":""},"tablet":{"background-color":"var(--ast-global-color-5)","background-image":"","background-repeat":"repeat","background-position":"center center","background-size":"auto","background-attachment":"scroll","background-type":"","background-media":"","overlay-type":"","overlay-color":"","overlay-gradient":""},"mobile":{"background-color":"var(--ast-global-color-5)","background-image":"","background-repeat":"repeat","background-position":"center center","background-size":"auto","background-attachment":"scroll","background-type":"","background-media":"","overlay-type":"","overlay-color":"","overlay-gradient":""}},"footnotes":""},"class_list":["post-3402","page","type-page","status-publish","hentry"],"yoast_head":"<!-- This site is optimized with the Yoast SEO Premium plugin v20.10 (Yoast SEO v22.6) - https:\/\/yoast.com\/wordpress\/plugins\/seo\/ -->\n<title>GENERACI\u00d3N DE V\u00cdNCULO EN LA CONFORMACI\u00d3N DE UN EQUIPO TRANSVERSAL - Twiga Strategy<\/title>\n<meta name=\"robots\" content=\"noindex, follow, max-snippet:-1, max-image-preview:large, max-video-preview:-1\" \/>\n<meta property=\"og:locale\" content=\"es_ES\" \/>\n<meta property=\"og:type\" content=\"article\" \/>\n<meta property=\"og:title\" content=\"GENERACI\u00d3N DE V\u00cdNCULO EN LA CONFORMACI\u00d3N DE UN EQUIPO TRANSVERSAL\" \/>\n<meta property=\"og:description\" content=\"La organizaci\u00f3n que nos contact\u00f3 nos plante\u00f3 un desaf\u00edo inspirador: crear las bases para el desarrollo de un equipo transversal [&hellip;]\" \/>\n<meta property=\"og:url\" content=\"https:\/\/dev.mondoestudio.es\/twiga\/explora-nuestro-trabajo\/generacion-de-vinculo-en-la-conformacion-de-un-equipo-transversal\/\" \/>\n<meta property=\"og:site_name\" content=\"Twiga Strategy\" \/>\n<meta name=\"twitter:card\" content=\"summary_large_image\" \/>\n<meta name=\"twitter:label1\" content=\"Tiempo de lectura\" \/>\n\t<meta name=\"twitter:data1\" content=\"2 minutos\" \/>\n<script type=\"application\/ld+json\" class=\"yoast-schema-graph\">{\"@context\":\"https:\/\/schema.org\",\"@graph\":[{\"@type\":\"WebPage\",\"@id\":\"https:\/\/dev.mondoestudio.es\/twiga\/explora-nuestro-trabajo\/generacion-de-vinculo-en-la-conformacion-de-un-equipo-transversal\/\",\"url\":\"https:\/\/dev.mondoestudio.es\/twiga\/explora-nuestro-trabajo\/generacion-de-vinculo-en-la-conformacion-de-un-equipo-transversal\/\",\"name\":\"GENERACI\u00d3N DE V\u00cdNCULO EN LA CONFORMACI\u00d3N DE UN EQUIPO TRANSVERSAL - Twiga Strategy\",\"isPartOf\":{\"@id\":\"https:\/\/dev.mondoestudio.es\/twiga\/#website\"},\"datePublished\":\"2024-04-24T07:53:05+00:00\",\"dateModified\":\"2024-04-24T07:53:05+00:00\",\"breadcrumb\":{\"@id\":\"https:\/\/dev.mondoestudio.es\/twiga\/explora-nuestro-trabajo\/generacion-de-vinculo-en-la-conformacion-de-un-equipo-transversal\/#breadcrumb\"},\"inLanguage\":\"es\",\"potentialAction\":[{\"@type\":\"ReadAction\",\"target\":[\"https:\/\/dev.mondoestudio.es\/twiga\/explora-nuestro-trabajo\/generacion-de-vinculo-en-la-conformacion-de-un-equipo-transversal\/\"]}]},{\"@type\":\"BreadcrumbList\",\"@id\":\"https:\/\/dev.mondoestudio.es\/twiga\/explora-nuestro-trabajo\/generacion-de-vinculo-en-la-conformacion-de-un-equipo-transversal\/#breadcrumb\",\"itemListElement\":[{\"@type\":\"ListItem\",\"position\":1,\"name\":\"Portada\",\"item\":\"https:\/\/dev.mondoestudio.es\/twiga\/\"},{\"@type\":\"ListItem\",\"position\":2,\"name\":\"Explora nuestro trabajo\",\"item\":\"https:\/\/dev.mondoestudio.es\/twiga\/explora-nuestro-trabajo\/\"},{\"@type\":\"ListItem\",\"position\":3,\"name\":\"GENERACI\u00d3N DE V\u00cdNCULO EN LA CONFORMACI\u00d3N DE UN EQUIPO TRANSVERSAL\"}]},{\"@type\":\"WebSite\",\"@id\":\"https:\/\/dev.mondoestudio.es\/twiga\/#website\",\"url\":\"https:\/\/dev.mondoestudio.es\/twiga\/\",\"name\":\"Twiga Strategy\",\"description\":\"\",\"publisher\":{\"@id\":\"https:\/\/dev.mondoestudio.es\/twiga\/#organization\"},\"potentialAction\":[{\"@type\":\"SearchAction\",\"target\":{\"@type\":\"EntryPoint\",\"urlTemplate\":\"https:\/\/dev.mondoestudio.es\/twiga\/?s={search_term_string}\"},\"query-input\":\"required name=search_term_string\"}],\"inLanguage\":\"es\"},{\"@type\":\"Organization\",\"@id\":\"https:\/\/dev.mondoestudio.es\/twiga\/#organization\",\"name\":\"Twiga Strategy\",\"url\":\"https:\/\/dev.mondoestudio.es\/twiga\/\",\"logo\":{\"@type\":\"ImageObject\",\"inLanguage\":\"es\",\"@id\":\"https:\/\/dev.mondoestudio.es\/twiga\/#\/schema\/logo\/image\/\",\"url\":\"https:\/\/dev.mondoestudio.es\/twiga\/wp-content\/uploads\/2024\/03\/Layer_1.png\",\"contentUrl\":\"https:\/\/dev.mondoestudio.es\/twiga\/wp-content\/uploads\/2024\/03\/Layer_1.png\",\"width\":117,\"height\":80,\"caption\":\"Twiga Strategy\"},\"image\":{\"@id\":\"https:\/\/dev.mondoestudio.es\/twiga\/#\/schema\/logo\/image\/\"}}]}<\/script>\n<!-- \/ Yoast SEO Premium plugin. -->","yoast_head_json":{"title":"GENERACI\u00d3N DE V\u00cdNCULO EN LA CONFORMACI\u00d3N DE UN EQUIPO TRANSVERSAL - Twiga Strategy","robots":{"index":"noindex","follow":"follow","max-snippet":"max-snippet:-1","max-image-preview":"max-image-preview:large","max-video-preview":"max-video-preview:-1"},"og_locale":"es_ES","og_type":"article","og_title":"GENERACI\u00d3N DE V\u00cdNCULO EN LA CONFORMACI\u00d3N DE UN EQUIPO TRANSVERSAL","og_description":"La organizaci\u00f3n que nos contact\u00f3 nos plante\u00f3 un desaf\u00edo inspirador: crear las bases para el desarrollo de un equipo transversal [&hellip;]","og_url":"https:\/\/dev.mondoestudio.es\/twiga\/explora-nuestro-trabajo\/generacion-de-vinculo-en-la-conformacion-de-un-equipo-transversal\/","og_site_name":"Twiga Strategy","twitter_card":"summary_large_image","twitter_misc":{"Tiempo de lectura":"2 minutos"},"schema":{"@context":"https:\/\/schema.org","@graph":[{"@type":"WebPage","@id":"https:\/\/dev.mondoestudio.es\/twiga\/explora-nuestro-trabajo\/generacion-de-vinculo-en-la-conformacion-de-un-equipo-transversal\/","url":"https:\/\/dev.mondoestudio.es\/twiga\/explora-nuestro-trabajo\/generacion-de-vinculo-en-la-conformacion-de-un-equipo-transversal\/","name":"GENERACI\u00d3N DE V\u00cdNCULO EN LA CONFORMACI\u00d3N DE UN EQUIPO TRANSVERSAL - Twiga Strategy","isPartOf":{"@id":"https:\/\/dev.mondoestudio.es\/twiga\/#website"},"datePublished":"2024-04-24T07:53:05+00:00","dateModified":"2024-04-24T07:53:05+00:00","breadcrumb":{"@id":"https:\/\/dev.mondoestudio.es\/twiga\/explora-nuestro-trabajo\/generacion-de-vinculo-en-la-conformacion-de-un-equipo-transversal\/#breadcrumb"},"inLanguage":"es","potentialAction":[{"@type":"ReadAction","target":["https:\/\/dev.mondoestudio.es\/twiga\/explora-nuestro-trabajo\/generacion-de-vinculo-en-la-conformacion-de-un-equipo-transversal\/"]}]},{"@type":"BreadcrumbList","@id":"https:\/\/dev.mondoestudio.es\/twiga\/explora-nuestro-trabajo\/generacion-de-vinculo-en-la-conformacion-de-un-equipo-transversal\/#breadcrumb","itemListElement":[{"@type":"ListItem","position":1,"name":"Portada","item":"https:\/\/dev.mondoestudio.es\/twiga\/"},{"@type":"ListItem","position":2,"name":"Explora nuestro trabajo","item":"https:\/\/dev.mondoestudio.es\/twiga\/explora-nuestro-trabajo\/"},{"@type":"ListItem","position":3,"name":"GENERACI\u00d3N DE V\u00cdNCULO EN LA CONFORMACI\u00d3N DE UN EQUIPO TRANSVERSAL"}]},{"@type":"WebSite","@id":"https:\/\/dev.mondoestudio.es\/twiga\/#website","url":"https:\/\/dev.mondoestudio.es\/twiga\/","name":"Twiga Strategy","description":"","publisher":{"@id":"https:\/\/dev.mondoestudio.es\/twiga\/#organization"},"potentialAction":[{"@type":"SearchAction","target":{"@type":"EntryPoint","urlTemplate":"https:\/\/dev.mondoestudio.es\/twiga\/?s={search_term_string}"},"query-input":"required name=search_term_string"}],"inLanguage":"es"},{"@type":"Organization","@id":"https:\/\/dev.mondoestudio.es\/twiga\/#organization","name":"Twiga Strategy","url":"https:\/\/dev.mondoestudio.es\/twiga\/","logo":{"@type":"ImageObject","inLanguage":"es","@id":"https:\/\/dev.mondoestudio.es\/twiga\/#\/schema\/logo\/image\/","url":"https:\/\/dev.mondoestudio.es\/twiga\/wp-content\/uploads\/2024\/03\/Layer_1.png","contentUrl":"https:\/\/dev.mondoestudio.es\/twiga\/wp-content\/uploads\/2024\/03\/Layer_1.png","width":117,"height":80,"caption":"Twiga Strategy"},"image":{"@id":"https:\/\/dev.mondoestudio.es\/twiga\/#\/schema\/logo\/image\/"}}]}},"uagb_featured_image_src":{"full":false,"thumbnail":false,"medium":false,"medium_large":false,"large":false,"1536x1536":false,"2048x2048":false},"uagb_author_info":{"display_name":"mondo","author_link":"https:\/\/dev.mondoestudio.es\/twiga\/author\/mondo\/"},"uagb_comment_info":0,"uagb_excerpt":"La organizaci\u00f3n que nos contact\u00f3 nos plante\u00f3 un desaf\u00edo inspirador: crear las bases para el desarrollo de un equipo transversal [&hellip;]","_links":{"self":[{"href":"https:\/\/dev.mondoestudio.es\/twiga\/wp-json\/wp\/v2\/pages\/3402","targetHints":{"allow":["GET"]}}],"collection":[{"href":"https:\/\/dev.mondoestudio.es\/twiga\/wp-json\/wp\/v2\/pages"}],"about":[{"href":"https:\/\/dev.mondoestudio.es\/twiga\/wp-json\/wp\/v2\/types\/page"}],"author":[{"embeddable":true,"href":"https:\/\/dev.mondoestudio.es\/twiga\/wp-json\/wp\/v2\/users\/1"}],"replies":[{"embeddable":true,"href":"https:\/\/dev.mondoestudio.es\/twiga\/wp-json\/wp\/v2\/comments?post=3402"}],"version-history":[{"count":1,"href":"https:\/\/dev.mondoestudio.es\/twiga\/wp-json\/wp\/v2\/pages\/3402\/revisions"}],"predecessor-version":[{"id":3403,"href":"https:\/\/dev.mondoestudio.es\/twiga\/wp-json\/wp\/v2\/pages\/3402\/revisions\/3403"}],"up":[{"embeddable":true,"href":"https:\/\/dev.mondoestudio.es\/twiga\/wp-json\/wp\/v2\/pages\/3084"}],"wp:attachment":[{"href":"https:\/\/dev.mondoestudio.es\/twiga\/wp-json\/wp\/v2\/media?parent=3402"}],"curies":[{"name":"wp","href":"https:\/\/api.w.org\/{rel}","templated":true}]}}