{"id":3408,"date":"2024-04-24T07:57:46","date_gmt":"2024-04-24T07:57:46","guid":{"rendered":"https:\/\/dev.mondoestudio.es\/twiga\/?page_id=3408"},"modified":"2024-04-24T07:57:46","modified_gmt":"2024-04-24T07:57:46","slug":"key-opinion-formers-y-ciudadania-ante-los-grandes-retos-globales","status":"publish","type":"page","link":"https:\/\/dev.mondoestudio.es\/twiga\/explora-nuestro-trabajo\/key-opinion-formers-y-ciudadania-ante-los-grandes-retos-globales\/","title":{"rendered":"KEY OPINION FORMERS Y CIUDADAN\u00cdA ANTE LOS GRANDES RETOS GLOBALES"},"content":{"rendered":"\n<p>No existe una cultura global uniforme. Por eso, las organizaciones que se encuentran ante desaf\u00edos con un impacto global necesitan escuchar a la cultura local para comprenderla, tenerla en cuenta y adaptarse a la diversidad cultural.<\/p>\n\n\n\n<p>Desde 2016, llevamos a cabo investigaciones sobre algunos de los grandes retos de nuestro tiempo. En ellas entrevistamos a una selecci\u00f3n de <em>Key Opinion Formers<\/em> (acad\u00e9micos, <em>think tanks<\/em>, periodistas especializados, pol\u00edticos y profesionales del sector en cuesti\u00f3n) y escuchamos a la ciudadan\u00eda a trav\u00e9s de grupos de discusi\u00f3n. Ello nos permite aportar a nuestros clientes una visi\u00f3n local completa, independiente, rigurosa y aut\u00e9ntica, para que pueda tomar mejores decisiones.<\/p>\n\n\n\n<p><\/p>\n","protected":false},"excerpt":{"rendered":"<p>No existe una cultura global uniforme. Por eso, las organizaciones que se encuentran ante desaf\u00edos con un impacto global necesitan [&hellip;]<\/p>\n","protected":false},"author":1,"featured_media":0,"parent":3084,"menu_order":0,"comment_status":"closed","ping_status":"closed","template":"","meta":{"_uag_custom_page_level_css":"","site-sidebar-layout":"default","site-content-layout":"","ast-site-content-layout":"normal-width-container","site-content-style":"boxed","site-sidebar-style":"default","ast-global-header-display":"","ast-banner-title-visibility":"","ast-main-header-display":"","ast-hfb-above-header-display":"","ast-hfb-below-header-display":"","ast-hfb-mobile-header-display":"","site-post-title":"","ast-breadcrumbs-content":"","ast-featured-img":"","footer-sml-layout":"","theme-transparent-header-meta":"disabled","adv-header-id-meta":"","stick-header-meta":"default","header-above-stick-meta":"","header-main-stick-meta":"disabled","header-below-stick-meta":"","astra-migrate-meta-layouts":"default","ast-page-background-enabled":"default","ast-page-background-meta":{"desktop":{"background-color":"var(--ast-global-color-4)","background-image":"","background-repeat":"repeat","background-position":"center center","background-size":"auto","background-attachment":"scroll","background-type":"","background-media":"","overlay-type":"","overlay-color":"","overlay-gradient":""},"tablet":{"background-color":"","background-image":"","background-repeat":"repeat","background-position":"center center","background-size":"auto","background-attachment":"scroll","background-type":"","background-media":"","overlay-type":"","overlay-color":"","overlay-gradient":""},"mobile":{"background-color":"","background-image":"","background-repeat":"repeat","background-position":"center center","background-size":"auto","background-attachment":"scroll","background-type":"","background-media":"","overlay-type":"","overlay-color":"","overlay-gradient":""}},"ast-content-background-meta":{"desktop":{"background-color":"var(--ast-global-color-5)","background-image":"","background-repeat":"repeat","background-position":"center center","background-size":"auto","background-attachment":"scroll","background-type":"","background-media":"","overlay-type":"","overlay-color":"","overlay-gradient":""},"tablet":{"background-color":"var(--ast-global-color-5)","background-image":"","background-repeat":"repeat","background-position":"center center","background-size":"auto","background-attachment":"scroll","background-type":"","background-media":"","overlay-type":"","overlay-color":"","overlay-gradient":""},"mobile":{"background-color":"var(--ast-global-color-5)","background-image":"","background-repeat":"repeat","background-position":"center center","background-size":"auto","background-attachment":"scroll","background-type":"","background-media":"","overlay-type":"","overlay-color":"","overlay-gradient":""}},"footnotes":""},"class_list":["post-3408","page","type-page","status-publish","hentry"],"yoast_head":"<!-- This site is optimized with the Yoast SEO Premium plugin v20.10 (Yoast SEO v22.6) - https:\/\/yoast.com\/wordpress\/plugins\/seo\/ -->\n<title>KEY OPINION FORMERS Y CIUDADAN\u00cdA ANTE LOS GRANDES RETOS GLOBALES - Twiga Strategy<\/title>\n<meta name=\"robots\" content=\"noindex, follow, max-snippet:-1, max-image-preview:large, max-video-preview:-1\" \/>\n<meta property=\"og:locale\" content=\"es_ES\" \/>\n<meta property=\"og:type\" content=\"article\" \/>\n<meta property=\"og:title\" content=\"KEY OPINION FORMERS Y CIUDADAN\u00cdA ANTE LOS GRANDES RETOS GLOBALES\" \/>\n<meta property=\"og:description\" content=\"No existe una cultura global uniforme. Por eso, las organizaciones que se encuentran ante desaf\u00edos con un impacto global necesitan [&hellip;]\" \/>\n<meta property=\"og:url\" content=\"https:\/\/dev.mondoestudio.es\/twiga\/explora-nuestro-trabajo\/key-opinion-formers-y-ciudadania-ante-los-grandes-retos-globales\/\" \/>\n<meta property=\"og:site_name\" content=\"Twiga Strategy\" \/>\n<meta name=\"twitter:card\" content=\"summary_large_image\" \/>\n<meta name=\"twitter:label1\" content=\"Tiempo de lectura\" \/>\n\t<meta name=\"twitter:data1\" content=\"1 minuto\" \/>\n<script type=\"application\/ld+json\" class=\"yoast-schema-graph\">{\"@context\":\"https:\/\/schema.org\",\"@graph\":[{\"@type\":\"WebPage\",\"@id\":\"https:\/\/dev.mondoestudio.es\/twiga\/explora-nuestro-trabajo\/key-opinion-formers-y-ciudadania-ante-los-grandes-retos-globales\/\",\"url\":\"https:\/\/dev.mondoestudio.es\/twiga\/explora-nuestro-trabajo\/key-opinion-formers-y-ciudadania-ante-los-grandes-retos-globales\/\",\"name\":\"KEY OPINION FORMERS Y CIUDADAN\u00cdA ANTE LOS GRANDES RETOS GLOBALES - Twiga Strategy\",\"isPartOf\":{\"@id\":\"https:\/\/dev.mondoestudio.es\/twiga\/#website\"},\"datePublished\":\"2024-04-24T07:57:46+00:00\",\"dateModified\":\"2024-04-24T07:57:46+00:00\",\"breadcrumb\":{\"@id\":\"https:\/\/dev.mondoestudio.es\/twiga\/explora-nuestro-trabajo\/key-opinion-formers-y-ciudadania-ante-los-grandes-retos-globales\/#breadcrumb\"},\"inLanguage\":\"es\",\"potentialAction\":[{\"@type\":\"ReadAction\",\"target\":[\"https:\/\/dev.mondoestudio.es\/twiga\/explora-nuestro-trabajo\/key-opinion-formers-y-ciudadania-ante-los-grandes-retos-globales\/\"]}]},{\"@type\":\"BreadcrumbList\",\"@id\":\"https:\/\/dev.mondoestudio.es\/twiga\/explora-nuestro-trabajo\/key-opinion-formers-y-ciudadania-ante-los-grandes-retos-globales\/#breadcrumb\",\"itemListElement\":[{\"@type\":\"ListItem\",\"position\":1,\"name\":\"Portada\",\"item\":\"https:\/\/dev.mondoestudio.es\/twiga\/\"},{\"@type\":\"ListItem\",\"position\":2,\"name\":\"Explora nuestro trabajo\",\"item\":\"https:\/\/dev.mondoestudio.es\/twiga\/explora-nuestro-trabajo\/\"},{\"@type\":\"ListItem\",\"position\":3,\"name\":\"KEY OPINION FORMERS Y CIUDADAN\u00cdA ANTE LOS GRANDES RETOS GLOBALES\"}]},{\"@type\":\"WebSite\",\"@id\":\"https:\/\/dev.mondoestudio.es\/twiga\/#website\",\"url\":\"https:\/\/dev.mondoestudio.es\/twiga\/\",\"name\":\"Twiga Strategy\",\"description\":\"\",\"publisher\":{\"@id\":\"https:\/\/dev.mondoestudio.es\/twiga\/#organization\"},\"potentialAction\":[{\"@type\":\"SearchAction\",\"target\":{\"@type\":\"EntryPoint\",\"urlTemplate\":\"https:\/\/dev.mondoestudio.es\/twiga\/?s={search_term_string}\"},\"query-input\":\"required name=search_term_string\"}],\"inLanguage\":\"es\"},{\"@type\":\"Organization\",\"@id\":\"https:\/\/dev.mondoestudio.es\/twiga\/#organization\",\"name\":\"Twiga Strategy\",\"url\":\"https:\/\/dev.mondoestudio.es\/twiga\/\",\"logo\":{\"@type\":\"ImageObject\",\"inLanguage\":\"es\",\"@id\":\"https:\/\/dev.mondoestudio.es\/twiga\/#\/schema\/logo\/image\/\",\"url\":\"https:\/\/dev.mondoestudio.es\/twiga\/wp-content\/uploads\/2024\/03\/Layer_1.png\",\"contentUrl\":\"https:\/\/dev.mondoestudio.es\/twiga\/wp-content\/uploads\/2024\/03\/Layer_1.png\",\"width\":117,\"height\":80,\"caption\":\"Twiga Strategy\"},\"image\":{\"@id\":\"https:\/\/dev.mondoestudio.es\/twiga\/#\/schema\/logo\/image\/\"}}]}<\/script>\n<!-- \/ Yoast SEO Premium plugin. -->","yoast_head_json":{"title":"KEY OPINION FORMERS Y CIUDADAN\u00cdA ANTE LOS GRANDES RETOS GLOBALES - Twiga Strategy","robots":{"index":"noindex","follow":"follow","max-snippet":"max-snippet:-1","max-image-preview":"max-image-preview:large","max-video-preview":"max-video-preview:-1"},"og_locale":"es_ES","og_type":"article","og_title":"KEY OPINION FORMERS Y CIUDADAN\u00cdA ANTE LOS GRANDES RETOS GLOBALES","og_description":"No existe una cultura global uniforme. Por eso, las organizaciones que se encuentran ante desaf\u00edos con un impacto global necesitan [&hellip;]","og_url":"https:\/\/dev.mondoestudio.es\/twiga\/explora-nuestro-trabajo\/key-opinion-formers-y-ciudadania-ante-los-grandes-retos-globales\/","og_site_name":"Twiga Strategy","twitter_card":"summary_large_image","twitter_misc":{"Tiempo de lectura":"1 minuto"},"schema":{"@context":"https:\/\/schema.org","@graph":[{"@type":"WebPage","@id":"https:\/\/dev.mondoestudio.es\/twiga\/explora-nuestro-trabajo\/key-opinion-formers-y-ciudadania-ante-los-grandes-retos-globales\/","url":"https:\/\/dev.mondoestudio.es\/twiga\/explora-nuestro-trabajo\/key-opinion-formers-y-ciudadania-ante-los-grandes-retos-globales\/","name":"KEY OPINION FORMERS Y CIUDADAN\u00cdA ANTE LOS GRANDES RETOS GLOBALES - Twiga Strategy","isPartOf":{"@id":"https:\/\/dev.mondoestudio.es\/twiga\/#website"},"datePublished":"2024-04-24T07:57:46+00:00","dateModified":"2024-04-24T07:57:46+00:00","breadcrumb":{"@id":"https:\/\/dev.mondoestudio.es\/twiga\/explora-nuestro-trabajo\/key-opinion-formers-y-ciudadania-ante-los-grandes-retos-globales\/#breadcrumb"},"inLanguage":"es","potentialAction":[{"@type":"ReadAction","target":["https:\/\/dev.mondoestudio.es\/twiga\/explora-nuestro-trabajo\/key-opinion-formers-y-ciudadania-ante-los-grandes-retos-globales\/"]}]},{"@type":"BreadcrumbList","@id":"https:\/\/dev.mondoestudio.es\/twiga\/explora-nuestro-trabajo\/key-opinion-formers-y-ciudadania-ante-los-grandes-retos-globales\/#breadcrumb","itemListElement":[{"@type":"ListItem","position":1,"name":"Portada","item":"https:\/\/dev.mondoestudio.es\/twiga\/"},{"@type":"ListItem","position":2,"name":"Explora nuestro trabajo","item":"https:\/\/dev.mondoestudio.es\/twiga\/explora-nuestro-trabajo\/"},{"@type":"ListItem","position":3,"name":"KEY OPINION FORMERS Y CIUDADAN\u00cdA ANTE LOS GRANDES RETOS GLOBALES"}]},{"@type":"WebSite","@id":"https:\/\/dev.mondoestudio.es\/twiga\/#website","url":"https:\/\/dev.mondoestudio.es\/twiga\/","name":"Twiga Strategy","description":"","publisher":{"@id":"https:\/\/dev.mondoestudio.es\/twiga\/#organization"},"potentialAction":[{"@type":"SearchAction","target":{"@type":"EntryPoint","urlTemplate":"https:\/\/dev.mondoestudio.es\/twiga\/?s={search_term_string}"},"query-input":"required name=search_term_string"}],"inLanguage":"es"},{"@type":"Organization","@id":"https:\/\/dev.mondoestudio.es\/twiga\/#organization","name":"Twiga Strategy","url":"https:\/\/dev.mondoestudio.es\/twiga\/","logo":{"@type":"ImageObject","inLanguage":"es","@id":"https:\/\/dev.mondoestudio.es\/twiga\/#\/schema\/logo\/image\/","url":"https:\/\/dev.mondoestudio.es\/twiga\/wp-content\/uploads\/2024\/03\/Layer_1.png","contentUrl":"https:\/\/dev.mondoestudio.es\/twiga\/wp-content\/uploads\/2024\/03\/Layer_1.png","width":117,"height":80,"caption":"Twiga Strategy"},"image":{"@id":"https:\/\/dev.mondoestudio.es\/twiga\/#\/schema\/logo\/image\/"}}]}},"uagb_featured_image_src":{"full":false,"thumbnail":false,"medium":false,"medium_large":false,"large":false,"1536x1536":false,"2048x2048":false},"uagb_author_info":{"display_name":"mondo","author_link":"https:\/\/dev.mondoestudio.es\/twiga\/author\/mondo\/"},"uagb_comment_info":0,"uagb_excerpt":"No existe una cultura global uniforme. Por eso, las organizaciones que se encuentran ante desaf\u00edos con un impacto global necesitan [&hellip;]","_links":{"self":[{"href":"https:\/\/dev.mondoestudio.es\/twiga\/wp-json\/wp\/v2\/pages\/3408","targetHints":{"allow":["GET"]}}],"collection":[{"href":"https:\/\/dev.mondoestudio.es\/twiga\/wp-json\/wp\/v2\/pages"}],"about":[{"href":"https:\/\/dev.mondoestudio.es\/twiga\/wp-json\/wp\/v2\/types\/page"}],"author":[{"embeddable":true,"href":"https:\/\/dev.mondoestudio.es\/twiga\/wp-json\/wp\/v2\/users\/1"}],"replies":[{"embeddable":true,"href":"https:\/\/dev.mondoestudio.es\/twiga\/wp-json\/wp\/v2\/comments?post=3408"}],"version-history":[{"count":1,"href":"https:\/\/dev.mondoestudio.es\/twiga\/wp-json\/wp\/v2\/pages\/3408\/revisions"}],"predecessor-version":[{"id":3409,"href":"https:\/\/dev.mondoestudio.es\/twiga\/wp-json\/wp\/v2\/pages\/3408\/revisions\/3409"}],"up":[{"embeddable":true,"href":"https:\/\/dev.mondoestudio.es\/twiga\/wp-json\/wp\/v2\/pages\/3084"}],"wp:attachment":[{"href":"https:\/\/dev.mondoestudio.es\/twiga\/wp-json\/wp\/v2\/media?parent=3408"}],"curies":[{"name":"wp","href":"https:\/\/api.w.org\/{rel}","templated":true}]}}